{"id":130,"date":"2024-04-29T14:08:39","date_gmt":"2024-04-29T14:08:39","guid":{"rendered":"http:\/\/200.55.154.245\/?page_id=130"},"modified":"2024-05-13T16:03:39","modified_gmt":"2024-05-13T16:03:39","slug":"diseno","status":"publish","type":"page","link":"http:\/\/200.55.154.245\/index.php\/diseno\/","title":{"rendered":"Dise\u00f1o"},"content":{"rendered":"\n<div class=\"wp-block-cover alignfull is-light\"><span aria-hidden=\"true\" class=\"wp-block-cover__background has-background-dim-0 has-background-dim\"><\/span><img loading=\"lazy\" decoding=\"async\" width=\"1980\" height=\"600\" class=\"wp-block-cover__image-background wp-image-34\" alt=\"\" src=\"http:\/\/200.55.154.245\/wp-content\/uploads\/2024\/04\/fondo1-2.jpg\" data-object-fit=\"cover\" srcset=\"http:\/\/200.55.154.245\/wp-content\/uploads\/2024\/04\/fondo1-2.jpg 1980w, http:\/\/200.55.154.245\/wp-content\/uploads\/2024\/04\/fondo1-2-300x91.jpg 300w, http:\/\/200.55.154.245\/wp-content\/uploads\/2024\/04\/fondo1-2-1024x310.jpg 1024w, http:\/\/200.55.154.245\/wp-content\/uploads\/2024\/04\/fondo1-2-768x233.jpg 768w, http:\/\/200.55.154.245\/wp-content\/uploads\/2024\/04\/fondo1-2-1536x465.jpg 1536w\" sizes=\"auto, (max-width: 1980px) 100vw, 1980px\" \/><div class=\"wp-block-cover__inner-container is-layout-flow wp-block-cover-is-layout-flow\">\n<p class=\"has-text-align-center has-large-font-size\"><\/p>\n<\/div><\/div>\n\n\n\n<div class=\"wp-block-cover alignfull\"><span aria-hidden=\"true\" class=\"wp-block-cover__background has-nv-light-bg-background-color has-background-dim-60 has-background-dim\"><\/span><img decoding=\"async\" class=\"wp-block-cover__image-background wp-image-164\" alt=\"\" src=\"http:\/\/200.55.154.245\/wp-content\/uploads\/2024\/04\/fondo4.jpg\" data-object-fit=\"cover\"\/><div class=\"wp-block-cover__inner-container is-layout-flow wp-block-cover-is-layout-flow\">\n<div style=\"height:27px\" aria-hidden=\"true\" class=\"wp-block-spacer\"><\/div>\n\n\n\n<p class=\"has-text-align-center has-text-color has-x-large-font-size\" style=\"color:#0f4295\"><strong>Dise\u00f1o de Comunicaci\u00f3n Visual<\/strong><\/p>\n\n\n\n<div class=\"wp-block-columns alignwide is-layout-flex wp-container-core-columns-is-layout-9d6595d7 wp-block-columns-is-layout-flex\">\n<div class=\"wp-block-column is-layout-flow wp-block-column-is-layout-flow\">\n<figure class=\"wp-block-image size-medium is-style-default dise\u00f1o-image\"><img loading=\"lazy\" decoding=\"async\" width=\"280\" height=\"300\" src=\"http:\/\/200.55.154.245\/wp-content\/uploads\/2024\/04\/tarjetas-2-280x300.jpg\" alt=\"\" class=\"wp-image-73\" srcset=\"http:\/\/200.55.154.245\/wp-content\/uploads\/2024\/04\/tarjetas-2-280x300.jpg 280w, http:\/\/200.55.154.245\/wp-content\/uploads\/2024\/04\/tarjetas-2-956x1024.jpg 956w, http:\/\/200.55.154.245\/wp-content\/uploads\/2024\/04\/tarjetas-2-768x823.jpg 768w, http:\/\/200.55.154.245\/wp-content\/uploads\/2024\/04\/tarjetas-2.jpg 1369w\" sizes=\"auto, (max-width: 280px) 100vw, 280px\" \/><\/figure>\n\n\n\n<p class=\"has-neve-link-color-color has-text-color\"><strong>TARJETAS DE VISITAS<\/strong><br>Importante para dejar sus datos de localizaci\u00f3n, todav\u00eda hoy es una alternativa rentable. <a href=\"http:\/\/200.55.154.245\/index.php\/contact\/\"><img loading=\"lazy\" decoding=\"async\" width=\"15\" height=\"15\" class=\"wp-image-173\" style=\"width: 15px;\" src=\"http:\/\/200.55.154.245\/wp-content\/uploads\/2024\/04\/mail.png\" alt=\"\" srcset=\"http:\/\/200.55.154.245\/wp-content\/uploads\/2024\/04\/mail.png 240w, http:\/\/200.55.154.245\/wp-content\/uploads\/2024\/04\/mail-150x150.png 150w\" sizes=\"auto, (max-width: 15px) 100vw, 15px\" \/><\/a><\/p>\n<\/div>\n\n\n\n<div class=\"wp-block-column is-layout-flow wp-block-column-is-layout-flow\">\n<figure class=\"wp-block-image size-medium is-style-default dise\u00f1o-image\"><img loading=\"lazy\" decoding=\"async\" width=\"280\" height=\"300\" src=\"http:\/\/200.55.154.245\/wp-content\/uploads\/2024\/04\/plegables-280x300.jpg\" alt=\"\" class=\"wp-image-74\" srcset=\"http:\/\/200.55.154.245\/wp-content\/uploads\/2024\/04\/plegables-280x300.jpg 280w, http:\/\/200.55.154.245\/wp-content\/uploads\/2024\/04\/plegables-956x1024.jpg 956w, http:\/\/200.55.154.245\/wp-content\/uploads\/2024\/04\/plegables-768x823.jpg 768w, http:\/\/200.55.154.245\/wp-content\/uploads\/2024\/04\/plegables.jpg 1369w\" sizes=\"auto, (max-width: 280px) 100vw, 280px\" \/><\/figure>\n\n\n\n<p class=\"has-neve-link-color-color has-text-color\"><strong>PROMOCIONALES IMPRESOS<\/strong><br>Sueltos, D\u00edpticos, Tr\u00edpticos y toda una gama de soportes impresos promocionales. <a rel=\"noreferrer noopener\" href=\"http:\/\/200.55.154.245\/index.php\/contact\/\" target=\"_blank\"><img loading=\"lazy\" decoding=\"async\" width=\"15\" height=\"15\" class=\"wp-image-173\" style=\"width: 15px;\" src=\"http:\/\/200.55.154.245\/wp-content\/uploads\/2024\/04\/mail.png\" alt=\"\" srcset=\"http:\/\/200.55.154.245\/wp-content\/uploads\/2024\/04\/mail.png 240w, http:\/\/200.55.154.245\/wp-content\/uploads\/2024\/04\/mail-150x150.png 150w\" sizes=\"auto, (max-width: 15px) 100vw, 15px\" \/><\/a><\/p>\n<\/div>\n\n\n\n<div class=\"wp-block-column is-layout-flow wp-block-column-is-layout-flow\">\n<figure class=\"wp-block-image size-medium is-style-default dise\u00f1o-image\"><img loading=\"lazy\" decoding=\"async\" width=\"280\" height=\"300\" src=\"http:\/\/200.55.154.245\/wp-content\/uploads\/2024\/04\/redes-280x300.jpg\" alt=\"\" class=\"wp-image-75\" srcset=\"http:\/\/200.55.154.245\/wp-content\/uploads\/2024\/04\/redes-280x300.jpg 280w, http:\/\/200.55.154.245\/wp-content\/uploads\/2024\/04\/redes-956x1024.jpg 956w, http:\/\/200.55.154.245\/wp-content\/uploads\/2024\/04\/redes-768x823.jpg 768w, http:\/\/200.55.154.245\/wp-content\/uploads\/2024\/04\/redes.jpg 1369w\" sizes=\"auto, (max-width: 280px) 100vw, 280px\" \/><\/figure>\n\n\n\n<p class=\"has-neve-link-color-color has-text-color\"><strong>SITIOS WEB Y REDES SOCIALES<\/strong><br>CMS, Drupal o WordPress, Redes sociales y sitios Web promocionales  <a href=\"http:\/\/200.55.154.245\/index.php\/contact\/\"><img loading=\"lazy\" decoding=\"async\" width=\"15\" height=\"15\" class=\"wp-image-173\" style=\"width: 15px;\" src=\"http:\/\/200.55.154.245\/wp-content\/uploads\/2024\/04\/mail.png\" alt=\"\" srcset=\"http:\/\/200.55.154.245\/wp-content\/uploads\/2024\/04\/mail.png 240w, http:\/\/200.55.154.245\/wp-content\/uploads\/2024\/04\/mail-150x150.png 150w\" sizes=\"auto, (max-width: 15px) 100vw, 15px\" \/><\/a><\/p>\n<\/div>\n<\/div>\n<\/div><\/div>\n\n\n\n<div class=\"wp-block-cover alignfull\"><span aria-hidden=\"true\" class=\"wp-block-cover__background has-nv-c-2-background-color has-background-dim-70 has-background-dim\"><\/span><div class=\"wp-block-cover__inner-container is-layout-flow wp-block-cover-is-layout-flow\">\n<div style=\"height:80px\" aria-hidden=\"true\" class=\"wp-block-spacer\"><\/div>\n\n\n\n<p class=\"has-text-align-center has-large-font-size\">Postales para eventos especiales<\/p>\n\n\n\n<div class=\"wp-block-columns is-layout-flex wp-container-core-columns-is-layout-9d6595d7 wp-block-columns-is-layout-flex\">\n<div class=\"wp-block-column is-layout-flow wp-block-column-is-layout-flow\" style=\"flex-basis:25%\"><\/div>\n\n\n\n<div class=\"wp-block-column is-layout-flow wp-block-column-is-layout-flow\" style=\"flex-basis:50%\">\n<figure class=\"wp-block-image size-full\"><img loading=\"lazy\" decoding=\"async\" width=\"800\" height=\"518\" src=\"http:\/\/200.55.154.245\/wp-content\/uploads\/2024\/05\/Tiro-Postal2024-1.jpg\" alt=\"\" class=\"wp-image-318\" srcset=\"http:\/\/200.55.154.245\/wp-content\/uploads\/2024\/05\/Tiro-Postal2024-1.jpg 800w, http:\/\/200.55.154.245\/wp-content\/uploads\/2024\/05\/Tiro-Postal2024-1-300x194.jpg 300w, http:\/\/200.55.154.245\/wp-content\/uploads\/2024\/05\/Tiro-Postal2024-1-768x497.jpg 768w\" sizes=\"auto, (max-width: 800px) 100vw, 800px\" \/><figcaption class=\"wp-element-caption\">Postal Mayo 2024 para EEPFV<\/figcaption><\/figure>\n\n\n\n<p>Personalizamos postales para los diferentes eventos que se realizan en empresas o familias. D\u00eda de las madres, Padres, Invitaciones para conciertos o espect\u00e1culos, bodas, fiestas de 15 a\u00f1os, incluso si le place una por el divorcio, estamos a su disposici\u00f3n. <\/p>\n<\/div>\n\n\n\n<div class=\"wp-block-column is-layout-flow wp-block-column-is-layout-flow\" style=\"flex-basis:25%\"><\/div>\n<\/div>\n<\/div><\/div>\n\n\n\n<div class=\"wp-block-cover alignfull is-light\" style=\"min-height:160px;aspect-ratio:unset;\"><span aria-hidden=\"true\" class=\"wp-block-cover__background has-background-dim-100 has-background-dim\" style=\"background-color:#d4d4d4\"><\/span><div class=\"wp-block-cover__inner-container is-layout-flow wp-block-cover-is-layout-flow\">\n<ul class=\"wp-block-social-links has-icon-color is-style-logos-only is-content-justification-center is-layout-flex wp-container-core-social-links-is-layout-16018d1d wp-block-social-links-is-layout-flex\">\n\n\n\n<li style=\"color:var(--nv-primary-accent);\" class=\"wp-social-link wp-social-link-instagram has-neve-link-color-color wp-block-social-link\"><a href=\"https:\/\/www.instagram.com\/editorialfelixvarela\" class=\"wp-block-social-link-anchor\"><svg width=\"24\" height=\"24\" viewBox=\"0 0 24 24\" version=\"1.1\" xmlns=\"http:\/\/www.w3.org\/2000\/svg\" aria-hidden=\"true\" focusable=\"false\"><path d=\"M12,4.622c2.403,0,2.688,0.009,3.637,0.052c0.877,0.04,1.354,0.187,1.671,0.31c0.42,0.163,0.72,0.358,1.035,0.673 c0.315,0.315,0.51,0.615,0.673,1.035c0.123,0.317,0.27,0.794,0.31,1.671c0.043,0.949,0.052,1.234,0.052,3.637 s-0.009,2.688-0.052,3.637c-0.04,0.877-0.187,1.354-0.31,1.671c-0.163,0.42-0.358,0.72-0.673,1.035 c-0.315,0.315-0.615,0.51-1.035,0.673c-0.317,0.123-0.794,0.27-1.671,0.31c-0.949,0.043-1.233,0.052-3.637,0.052 s-2.688-0.009-3.637-0.052c-0.877-0.04-1.354-0.187-1.671-0.31c-0.42-0.163-0.72-0.358-1.035-0.673 c-0.315-0.315-0.51-0.615-0.673-1.035c-0.123-0.317-0.27-0.794-0.31-1.671C4.631,14.688,4.622,14.403,4.622,12 s0.009-2.688,0.052-3.637c0.04-0.877,0.187-1.354,0.31-1.671c0.163-0.42,0.358-0.72,0.673-1.035 c0.315-0.315,0.615-0.51,1.035-0.673c0.317-0.123,0.794-0.27,1.671-0.31C9.312,4.631,9.597,4.622,12,4.622 M12,3 C9.556,3,9.249,3.01,8.289,3.054C7.331,3.098,6.677,3.25,6.105,3.472C5.513,3.702,5.011,4.01,4.511,4.511 c-0.5,0.5-0.808,1.002-1.038,1.594C3.25,6.677,3.098,7.331,3.054,8.289C3.01,9.249,3,9.556,3,12c0,2.444,0.01,2.751,0.054,3.711 c0.044,0.958,0.196,1.612,0.418,2.185c0.23,0.592,0.538,1.094,1.038,1.594c0.5,0.5,1.002,0.808,1.594,1.038 c0.572,0.222,1.227,0.375,2.185,0.418C9.249,20.99,9.556,21,12,21s2.751-0.01,3.711-0.054c0.958-0.044,1.612-0.196,2.185-0.418 c0.592-0.23,1.094-0.538,1.594-1.038c0.5-0.5,0.808-1.002,1.038-1.594c0.222-0.572,0.375-1.227,0.418-2.185 C20.99,14.751,21,14.444,21,12s-0.01-2.751-0.054-3.711c-0.044-0.958-0.196-1.612-0.418-2.185c-0.23-0.592-0.538-1.094-1.038-1.594 c-0.5-0.5-1.002-0.808-1.594-1.038c-0.572-0.222-1.227-0.375-2.185-0.418C14.751,3.01,14.444,3,12,3L12,3z M12,7.378 c-2.552,0-4.622,2.069-4.622,4.622S9.448,16.622,12,16.622s4.622-2.069,4.622-4.622S14.552,7.378,12,7.378z M12,15 c-1.657,0-3-1.343-3-3s1.343-3,3-3s3,1.343,3,3S13.657,15,12,15z M16.804,6.116c-0.596,0-1.08,0.484-1.08,1.08 s0.484,1.08,1.08,1.08c0.596,0,1.08-0.484,1.08-1.08S17.401,6.116,16.804,6.116z\"><\/path><\/svg><span class=\"wp-block-social-link-label screen-reader-text\">Instagram<\/span><\/a><\/li>\n\n<li style=\"color:var(--nv-primary-accent);\" class=\"wp-social-link wp-social-link-facebook has-neve-link-color-color wp-block-social-link\"><a href=\"https:\/\/www.facebook.com\/@EditorialUniversitariaFelixVarela\" class=\"wp-block-social-link-anchor\"><svg width=\"24\" height=\"24\" viewBox=\"0 0 24 24\" version=\"1.1\" xmlns=\"http:\/\/www.w3.org\/2000\/svg\" aria-hidden=\"true\" focusable=\"false\"><path d=\"M12 2C6.5 2 2 6.5 2 12c0 5 3.7 9.1 8.4 9.9v-7H7.9V12h2.5V9.8c0-2.5 1.5-3.9 3.8-3.9 1.1 0 2.2.2 2.2.2v2.5h-1.3c-1.2 0-1.6.8-1.6 1.6V12h2.8l-.4 2.9h-2.3v7C18.3 21.1 22 17 22 12c0-5.5-4.5-10-10-10z\"><\/path><\/svg><span class=\"wp-block-social-link-label screen-reader-text\">Facebook<\/span><\/a><\/li><\/ul>\n\n\n\n<p class=\"has-text-align-center has-background\" style=\"background-color:#d4d4d4\">\u00a9 EEPFV 2024. Calle A, N\u00ba 703 e\/ Zapata y Calle 29, Plaza de la Revoluci\u00f3n, La Habana Cuba.<\/p>\n\n\n\n<div class=\"wp-block-buttons is-content-justification-right is-layout-flex wp-container-core-buttons-is-layout-765c4724 wp-block-buttons-is-layout-flex\">\n<div class=\"wp-block-button has-custom-font-size has-small-font-size\"><a class=\"wp-block-button__link wp-element-button\" href=\"#\" style=\"border-top-left-radius:20px;border-top-right-radius:0px;border-bottom-left-radius:20px;border-bottom-right-radius:20px\">Subir<\/a><\/div>\n<\/div>\n<\/div><\/div>\n","protected":false},"excerpt":{"rendered":"","protected":false},"author":1,"featured_media":0,"parent":0,"menu_order":0,"comment_status":"closed","ping_status":"closed","template":"","meta":{"neve_meta_sidebar":"","neve_meta_container":"","neve_meta_enable_content_width":"","neve_meta_content_width":0,"neve_meta_title_alignment":"","neve_meta_author_avatar":"","neve_post_elements_order":"","neve_meta_disable_header":"","neve_meta_disable_footer":"on","neve_meta_disable_title":"on","_joinchat":[],"footnotes":""},"class_list":["post-130","page","type-page","status-publish","hentry"],"_links":{"self":[{"href":"http:\/\/200.55.154.245\/index.php\/wp-json\/wp\/v2\/pages\/130","targetHints":{"allow":["GET"]}}],"collection":[{"href":"http:\/\/200.55.154.245\/index.php\/wp-json\/wp\/v2\/pages"}],"about":[{"href":"http:\/\/200.55.154.245\/index.php\/wp-json\/wp\/v2\/types\/page"}],"author":[{"embeddable":true,"href":"http:\/\/200.55.154.245\/index.php\/wp-json\/wp\/v2\/users\/1"}],"replies":[{"embeddable":true,"href":"http:\/\/200.55.154.245\/index.php\/wp-json\/wp\/v2\/comments?post=130"}],"version-history":[{"count":38,"href":"http:\/\/200.55.154.245\/index.php\/wp-json\/wp\/v2\/pages\/130\/revisions"}],"predecessor-version":[{"id":323,"href":"http:\/\/200.55.154.245\/index.php\/wp-json\/wp\/v2\/pages\/130\/revisions\/323"}],"wp:attachment":[{"href":"http:\/\/200.55.154.245\/index.php\/wp-json\/wp\/v2\/media?parent=130"}],"curies":[{"name":"wp","href":"https:\/\/api.w.org\/{rel}","templated":true}]}}